{"id":122,"date":"2016-03-14T19:58:25","date_gmt":"2016-03-14T19:58:25","guid":{"rendered":"https:\/\/brucecawdron.com\/brucecawdron2\/fr\/?page_id=122"},"modified":"2016-04-01T15:38:33","modified_gmt":"2016-04-01T15:38:33","slug":"acupuncture-style-kiiko","status":"publish","type":"page","link":"https:\/\/brucecawdron.com\/fr\/acupuncture-style-kiiko\/","title":{"rendered":"Acupuncture style Kiiko"},"content":{"rendered":"<h4>Qu&rsquo;est-ce que l&rsquo;acupuncture Style Kiiko?<\/h4>\n<p>Kiiko Style acupuncture utilise une m\u00e9thode syst\u00e9matique, facile \u00e0 apprendre, palpatoire, qui est con\u00e7u pour fournir une r\u00e9action corporelle instantan\u00e9e. Lorsque un praticien utilise ce syst\u00e8me, il suit une s\u00e9quence de palpation qui, \u00e0 la fois \u00e9tablit une diagnostique et propose plusieurs options de traitement qui pourrait \u00eatre efficace pour traiter un patient en particulier.<\/p>\n<p>Kiiko Style acupuncture est largement d\u00e9finie par son utilisation d&rsquo;une m\u00e9thode tr\u00e8s syst\u00e9matique de la palpation. La palpation est la capacit\u00e9 d&rsquo;obtenir des informations par le toucher. Cette m\u00e9thode a \u00e9volu\u00e9 \u00e0 un niveau extraordinaire de sophistication en acupuncture japonaise pour une raison tr\u00e8s inhabituelle. Depuis aussi t\u00f4t que la p\u00e9riode d&rsquo;Edo (1602-1868) acupuncture japonaise \u00e9tait un profession exerc\u00e9e en grande partie par les aveugles. Ce fait porte jusqu&rsquo;\u00e0 nos jours dans celle de l&rsquo;influence principale dans le d\u00e9veloppement de l&rsquo;acupuncture Kiiko Style : son Sensei (ma\u00eetre) Nagano (voir ci-dessus) est un acupuncteur aveugle.<\/p>\n<p>Une fois appris, palpation devient une m\u00e9thode facile \u00e0 utiliser pour obtenir une diagnostique du patient, et par la suite, une r\u00e9action par le traitement. Les strat\u00e9gies de diagnostiqeu et de traitement se succ\u00e8dent dans un mouvement circulaire. Sp\u00e9cifiques r\u00e9flexes actifs qui \u00e9voquent le diagnostique et l&rsquo;efficacit\u00e9 du traitement sera mis en place par les changements dans les m\u00eames r\u00e9flexes durant le traitement.<\/p>\n<h4>Kiiko Style est pour qui ?<\/h4>\n<p>Kiiko Style s&rsquo;adresse au patient, les questions de sant\u00e9 sur plusieurs niveaux. En regardant plus profond\u00e9ment les d\u00e9s\u00e9quilibres structurels et \/ ou constitutionnelles, qui sont souvent la base d&rsquo;un patient, aussi t\u00f4t que les plaintes symptomatiques, le praticien est en mesure d&rsquo;aider \u00e0 une gu\u00e9rison plus compl\u00e8te et durable. C&rsquo;est pr\u00e9cis\u00e9ment cette approche holistique qui donne au acupuncteur Kiiko Style la capacit\u00e9 d&rsquo;aider les patients avec les probl\u00e8mes les plus complexes. Souvent, en voyant le patient et le probl\u00e8me en perspective plus large, le praticien peut r\u00e9soudre les cas difficiles.<\/p>\n<p>Le praticien utilisant Kiiko Style acupuncture fait partie d&rsquo;une tradition vivante. Les enseignements de ce syst\u00e8me proviennent directement de l&rsquo;exp\u00e9rience de premi\u00e8re main acquise par les ma\u00eetres du Japon. En raison de cette exposition continuelle \u00e0 des techniques innovantes de traitement et de nouvelles perspectives cliniques, Kiiko Style acupuncture d\u00e9veloppe continuellement des m\u00e9thodes visant \u00e0 atteindre le maximum de r\u00e9sultats lorsque le traitement d&rsquo;un patient. Un syst\u00e8me vivant de l&rsquo;acupuncture, par d\u00e9finition, doit tenir compte de l&rsquo;\u00e9volution des besoins de l&rsquo;\u00e9poque dans laquelle elle est pratiqu\u00e9e et d&rsquo;incorporer les am\u00e9liorations technologiques \u00e0 sa disposition.<\/p>\n<p>Une syst\u00e8me vivant est \u00e9galement en continu d&rsquo;apprentissage et l&rsquo;approfondissement de sa compr\u00e9hension pour fournir une strat\u00e9gie de traitement plus complet, avec les r\u00e9sultats cliniques qui durent plus long terme. Les m\u00e9thodes de diagnostique et de traitement enseign\u00e9es dans ce syst\u00e8me repr\u00e9sentent avec pr\u00e9cision l&rsquo;exp\u00e9rience clinique des ma\u00eetres du Japon les plus respect\u00e9s.<\/p>\n<h4>Un Grande Nombre d&rsquo;Options<\/h4>\n<p>La nature \u00e9clectique des Kiiko Style de l&rsquo;acupuncture donne au praticien un grand nombre d&rsquo;options viables pour cr\u00e9er un plan de traitement efficace qui r\u00e9pond aux besoins individuels de chaque patient. Ce style de l&rsquo;acupuncture est adapt\u00e9 aux divers besoins de notre population de patients.<\/p>\n<p>Kiiko Style acupuncture offre une toute nouvelle fa\u00e7on de regarder les patients. Il combine la m\u00e9dicine tradionnelle chinoise avec les principes de la m\u00e9decine moderne. Il s&rsquo;explique la physiopathologie d&rsquo;une mani\u00e8re qui facilite la compr\u00e9hension et fait ressortir le meilleur dans les deux.<\/p>\n<p>Dans les m\u00e9thodes de traitement utilis\u00e9s dans Kiiko Style acupuncture, il ya une technique appropri\u00e9e pour tout patient. En r\u00e8gle g\u00e9n\u00e9rale les m\u00e9thodes d&rsquo;aiguilletage sont peu profondes et souvent indolore, utilisant des aiguilles de calibre plus petit. Toutefois, pour le patient dont les aiguilles sont contreindiqu\u00e9e, il existe de nombreuses techniques non invasives qui sont tr\u00e8s efficaces. L&rsquo;utilisation de diodes, des aimants, la chaleur par moxibustion, et d&rsquo;autres techniques donnent les options nombreux au practicien.<\/p>\n<p><a href=\"https:\/\/brucecawdron.com\/fr\/demarche\/\">&lt; retournez<\/a><\/p>\n","protected":false},"excerpt":{"rendered":"<p>Qu&rsquo;est-ce que l&rsquo;acupuncture Style Kiiko? Kiiko Style acupuncture utilise une m\u00e9thode syst\u00e9matique, facile \u00e0 apprendre, palpatoire, qui est con\u00e7u pour fournir une r\u00e9action corporelle instantan\u00e9e. Lorsque un praticien utilise ce syst\u00e8me, il suit une s\u00e9quence de palpation qui, \u00e0 la fois \u00e9tablit une diagnostique et propose plusieurs options de traitement [&hellip;]<\/p>\n","protected":false},"author":1,"featured_media":0,"parent":0,"menu_order":0,"comment_status":"closed","ping_status":"closed","template":"","meta":{"footnotes":""},"class_list":["post-122","page","type-page","status-publish","hentry"],"_links":{"self":[{"href":"https:\/\/brucecawdron.com\/fr\/wp-json\/wp\/v2\/pages\/122","targetHints":{"allow":["GET"]}}],"collection":[{"href":"https:\/\/brucecawdron.com\/fr\/wp-json\/wp\/v2\/pages"}],"about":[{"href":"https:\/\/brucecawdron.com\/fr\/wp-json\/wp\/v2\/types\/page"}],"author":[{"embeddable":true,"href":"https:\/\/brucecawdron.com\/fr\/wp-json\/wp\/v2\/users\/1"}],"replies":[{"embeddable":true,"href":"https:\/\/brucecawdron.com\/fr\/wp-json\/wp\/v2\/comments?post=122"}],"version-history":[{"count":4,"href":"https:\/\/brucecawdron.com\/fr\/wp-json\/wp\/v2\/pages\/122\/revisions"}],"predecessor-version":[{"id":204,"href":"https:\/\/brucecawdron.com\/fr\/wp-json\/wp\/v2\/pages\/122\/revisions\/204"}],"wp:attachment":[{"href":"https:\/\/brucecawdron.com\/fr\/wp-json\/wp\/v2\/media?parent=122"}],"curies":[{"name":"wp","href":"https:\/\/api.w.org\/{rel}","templated":true}]}}