{"id":28,"date":"2015-07-04T09:48:10","date_gmt":"2015-07-04T09:48:10","guid":{"rendered":"https:\/\/brucecawdron.com\/brucecawdron2\/?page_id=28&#038;lang=fr"},"modified":"2015-07-04T09:48:10","modified_gmt":"2015-07-04T09:48:10","slug":"quest-ce-que-lacupuncture","status":"publish","type":"page","link":"https:\/\/brucecawdron.com\/fr\/quest-ce-que-lacupuncture\/","title":{"rendered":"Qu&rsquo;est-ce que l\u2019Acupuncture"},"content":{"rendered":"<p>L&rsquo;acupuncture a une approche holistique qui comprend le fonctionnement quotidien du corps, et le processus de la maladie. L&rsquo;acupuncture se concentre autant sur la pr\u00e9vention de la maladie que sur le traitement.<\/p>\n<p>Reconnu officiellement par l\u2019Organisation Mondiale de la Sant\u00e9 (OMS) et l\u2019Institut National de la Sant\u00e9, l\u2019acupuncture est une pratique ou l\u2019on place sur des points sp\u00e9cifiques de la surface du corps (nomm\u00e9s m\u00e9ridiens), des aiguilles fines st\u00e9rilis\u00e9s pour stimuler les syst\u00e8mes neurologique, hormonal et immunitaire, qui induit une r\u00e9ponse biologique \u00e9nerg\u00e9tique destin\u00e9e \u00e0 restaurer la sant\u00e9 et soulager la douleur.<\/p>\n<p>L\u2019Acupuncture est une branche d\u2019un syst\u00e8me int\u00e9gr\u00e9 de soins de sant\u00e9 primaire, connue comme \u00e9tant La M\u00e9dicine Traditionnelle Chinoise (MTC). La M\u00e9dicine Traditionnelle Chinoise a une histoire ininterrompue de d\u00e9veloppement depuis des milliers d\u2019ann\u00e9es dans l\u2019Orient. Ses origines en Chine remonte \u00e0 au moins 3000 ans, le mettant un des syst\u00e8mes les plus anciens de soins de sant\u00e9 dans le monde entier.<\/p>\n<p>En plus d\u2019\u00eatre utilis\u00e9 par un large \u00e9ventail de personnes de divers origines culturelles et sociales, aujourd\u2019hui l\u2019acupuncture est une m\u00e9thode de traitement efficace et naturelle qui devient de plus en plus populaire dans le monde Occidental.<\/p>\n<p>Qui est Bruce Cawdron, acupuncteur ?<br \/>\nJe pratique l&rsquo;acupuncture depuis 2006. Vous pouvez en savoir plus sur ma d\u00e9marche personnelle comme acupuncteur ou de ma formation (bio), et consulter une liste des condtions trait\u00e9s ici, sur mon site.<\/p>\n<p>Pr\u00e9sentement je recoit des clients \u00e0 Wakefield, Qu\u00e9bec (une courte distance en voiture de Gatineau \/ Hull), et j&rsquo;ai maintenant un bureau \u00e0 Ottawa en Ontario. Cliquez ici pour savoir comment prendre un rendez-vous.<\/p>\n","protected":false},"excerpt":{"rendered":"<p>L&rsquo;acupuncture a une approche holistique qui comprend le fonctionnement quotidien du corps, et le processus de la maladie. L&rsquo;acupuncture se concentre autant sur la pr\u00e9vention de la maladie que sur le traitement. Reconnu officiellement par l\u2019Organisation Mondiale de la Sant\u00e9 (OMS) et l\u2019Institut National de la Sant\u00e9, l\u2019acupuncture est une [&hellip;]<\/p>\n","protected":false},"author":1,"featured_media":0,"parent":0,"menu_order":0,"comment_status":"closed","ping_status":"closed","template":"","meta":{"footnotes":""},"class_list":["post-28","page","type-page","status-publish","hentry"],"_links":{"self":[{"href":"https:\/\/brucecawdron.com\/fr\/wp-json\/wp\/v2\/pages\/28","targetHints":{"allow":["GET"]}}],"collection":[{"href":"https:\/\/brucecawdron.com\/fr\/wp-json\/wp\/v2\/pages"}],"about":[{"href":"https:\/\/brucecawdron.com\/fr\/wp-json\/wp\/v2\/types\/page"}],"author":[{"embeddable":true,"href":"https:\/\/brucecawdron.com\/fr\/wp-json\/wp\/v2\/users\/1"}],"replies":[{"embeddable":true,"href":"https:\/\/brucecawdron.com\/fr\/wp-json\/wp\/v2\/comments?post=28"}],"version-history":[{"count":1,"href":"https:\/\/brucecawdron.com\/fr\/wp-json\/wp\/v2\/pages\/28\/revisions"}],"predecessor-version":[{"id":29,"href":"https:\/\/brucecawdron.com\/fr\/wp-json\/wp\/v2\/pages\/28\/revisions\/29"}],"wp:attachment":[{"href":"https:\/\/brucecawdron.com\/fr\/wp-json\/wp\/v2\/media?parent=28"}],"curies":[{"name":"wp","href":"https:\/\/api.w.org\/{rel}","templated":true}]}}