{"id":30,"date":"2015-07-04T09:50:12","date_gmt":"2015-07-04T09:50:12","guid":{"rendered":"https:\/\/brucecawdron.com\/brucecawdron2\/?page_id=30&#038;lang=fr"},"modified":"2016-04-01T15:29:40","modified_gmt":"2016-04-01T15:29:40","slug":"demarche","status":"publish","type":"page","link":"https:\/\/brucecawdron.com\/fr\/demarche\/","title":{"rendered":"Un petit mot au sujet de ma d\u00e9marche personnelle comme acupuncteur"},"content":{"rendered":"<p><img loading=\"lazy\" decoding=\"async\" class=\"alignleft wp-image-50 size-medium\" src=\"https:\/\/brucecawdron.com\/wp-content\/uploads\/2015\/07\/wave-300x247.jpg\" alt=\"wave\" width=\"300\" height=\"247\" srcset=\"https:\/\/brucecawdron.com\/wp-content\/uploads\/2015\/07\/wave-300x247.jpg 300w, https:\/\/brucecawdron.com\/wp-content\/uploads\/2015\/07\/wave-1024x842.jpg 1024w, https:\/\/brucecawdron.com\/wp-content\/uploads\/2015\/07\/wave.jpg 1500w\" sizes=\"auto, (max-width: 300px) 100vw, 300px\" \/>Toujours en pleine \u00e9volution, ma d\u00e9marche personnelle se ressemble \u00e0 la forme d&rsquo;approche \u00ablibre\u00bb palpatoire qui vient de <a href=\"https:\/\/brucecawdron.com\/fr\/acupuncture-japonais\/\">la pratique Japonaise<\/a>, o\u00f9 l&rsquo;accent est mise sur le traitement des points vivants. Je crois qu&rsquo;il est \u00e9galement important que le\/la patient(e) puisse sentir un p\u00e9tillement ou un changement r\u00e9actif dans son corps, qui r\u00e9pond directement \u00e0 la stimulation des points (particuli\u00e8rement dans l&rsquo;abdomen) qui sont activ\u00e9s pendant le traitement.<\/p>\n<h4>Matsumoto and Denmei<\/h4>\n<p>Deux acupuncteurs Japonais m&rsquo;ont beaucoup influenc\u00e9s: <a href=\"https:\/\/brucecawdron.com\/fr\/acupuncture-style-kiiko\/\">Kiiko Matsumoto<\/a>, qui m&rsquo;a donn\u00e9 la pr\u00e9f\u00e9rence du style dynamique et interactive de l&rsquo;acupuncture japonaise, ainsi que Shudo Denmei, qui met l&rsquo;accent sur l&rsquo;utilisation des m\u00e9ridiens pour traiter les probl\u00e8mes structurels internes et l&rsquo;approche holistique du corps.<\/p>\n<h4>Musique<\/h4>\n<p>La musique est aussi une influence importante pour moi dans ma pratique personelle. L&rsquo;art d&rsquo;\u00e9couter et de jouer avec les autres est fondamental dans la musique, et je crois que cela se traduit bien \u00e0 mes traitements, qui sont bas\u00e9s sur la communication entre le patient et le praticien. Nous travaillons ensembles enfin d&rsquo;atteintre le but d\u00e9sir\u00e9.<\/p>\n","protected":false},"excerpt":{"rendered":"<p>Toujours en pleine \u00e9volution, ma d\u00e9marche personnelle se ressemble \u00e0 la forme d&rsquo;approche \u00ablibre\u00bb palpatoire qui vient de la pratique Japonaise, o\u00f9 l&rsquo;accent est mise sur le traitement des points vivants. Je crois qu&rsquo;il est \u00e9galement important que le\/la patient(e) puisse sentir un p\u00e9tillement ou un changement r\u00e9actif dans son [&hellip;]<\/p>\n","protected":false},"author":1,"featured_media":0,"parent":0,"menu_order":0,"comment_status":"closed","ping_status":"closed","template":"","meta":{"footnotes":""},"class_list":["post-30","page","type-page","status-publish","hentry"],"_links":{"self":[{"href":"https:\/\/brucecawdron.com\/fr\/wp-json\/wp\/v2\/pages\/30","targetHints":{"allow":["GET"]}}],"collection":[{"href":"https:\/\/brucecawdron.com\/fr\/wp-json\/wp\/v2\/pages"}],"about":[{"href":"https:\/\/brucecawdron.com\/fr\/wp-json\/wp\/v2\/types\/page"}],"author":[{"embeddable":true,"href":"https:\/\/brucecawdron.com\/fr\/wp-json\/wp\/v2\/users\/1"}],"replies":[{"embeddable":true,"href":"https:\/\/brucecawdron.com\/fr\/wp-json\/wp\/v2\/comments?post=30"}],"version-history":[{"count":5,"href":"https:\/\/brucecawdron.com\/fr\/wp-json\/wp\/v2\/pages\/30\/revisions"}],"predecessor-version":[{"id":191,"href":"https:\/\/brucecawdron.com\/fr\/wp-json\/wp\/v2\/pages\/30\/revisions\/191"}],"wp:attachment":[{"href":"https:\/\/brucecawdron.com\/fr\/wp-json\/wp\/v2\/media?parent=30"}],"curies":[{"name":"wp","href":"https:\/\/api.w.org\/{rel}","templated":true}]}}